{"id":1958,"date":"2024-05-17T00:53:00","date_gmt":"2024-05-17T00:53:00","guid":{"rendered":"https:\/\/dev-sanametall.pantheonsite.io\/?page_id=1958"},"modified":"2024-05-23T15:09:43","modified_gmt":"2024-05-23T15:09:43","slug":"cad-cam-programiranje","status":"publish","type":"page","link":"https:\/\/sanametall.de\/bs\/cad-cam-programiranje\/","title":{"rendered":"CAD\/CAM programiranje"},"content":{"rendered":"<style>.kb-row-layout-id1958_ff55d7-4d > .kt-row-column-wrap{align-content:start;}:where(.kb-row-layout-id1958_ff55d7-4d > .kt-row-column-wrap) > .wp-block-kadence-column{justify-content:start;}.kb-row-layout-id1958_ff55d7-4d > .kt-row-column-wrap{column-gap:var(--global-kb-gap-md, 2rem);row-gap:var(--global-kb-gap-md, 2rem);max-width:var( --global-content-width, 1200px );padding-left:var(--global-content-edge-padding);padding-right:var(--global-content-edge-padding);padding-top:var(--global-kb-spacing-xl, 4rem);padding-bottom:var(--global-kb-spacing-md, 2rem);grid-template-columns:repeat(2, minmax(0, 1fr));}.kb-row-layout-id1958_ff55d7-4d > .kt-row-layout-overlay{opacity:0.30;}@media all and (max-width: 1024px){.kb-row-layout-id1958_ff55d7-4d > .kt-row-column-wrap{grid-template-columns:repeat(2, minmax(0, 1fr));}}@media all and (max-width: 767px){.kb-row-layout-id1958_ff55d7-4d > .kt-row-column-wrap{grid-template-columns:minmax(0, 1fr);}}<\/style><div class=\"kb-row-layout-wrap kb-row-layout-id1958_ff55d7-4d alignnone wp-block-kadence-rowlayout\"><div class=\"kt-row-column-wrap kt-has-2-columns kt-row-layout-equal kt-tab-layout-inherit kt-mobile-layout-row kt-row-valign-top kb-theme-content-width\">\n<style>.kadence-column1958_49bffc-af > .kt-inside-inner-col,.kadence-column1958_49bffc-af > .kt-inside-inner-col:before{border-top-left-radius:0px;border-top-right-radius:0px;border-bottom-right-radius:0px;border-bottom-left-radius:0px;}.kadence-column1958_49bffc-af > .kt-inside-inner-col{column-gap:var(--global-kb-gap-sm, 1rem);}.kadence-column1958_49bffc-af > .kt-inside-inner-col{flex-direction:column;}.kadence-column1958_49bffc-af > .kt-inside-inner-col > .aligncenter{width:100%;}.kadence-column1958_49bffc-af > .kt-inside-inner-col:before{opacity:0.3;}.kadence-column1958_49bffc-af{position:relative;}@media all and (max-width: 1024px){.kadence-column1958_49bffc-af > .kt-inside-inner-col{flex-direction:column;justify-content:center;}}@media all and (max-width: 767px){.kadence-column1958_49bffc-af > .kt-inside-inner-col{flex-direction:column;justify-content:center;}}<\/style>\n<div class=\"wp-block-kadence-column kadence-column1958_49bffc-af\"><div class=\"kt-inside-inner-col\"><style>.wp-block-kadence-advancedgallery.kb-gallery-wrap-id-1958_2bd1a8-20{padding-bottom:var(--global-kb-spacing-xs, 1rem);}.kb-gallery-type-thumbslider.kb-gallery-id-1958_2bd1a8-20 .kt-blocks-carousel-init {margin-bottom:10px;}.kb-gallery-id-1958_2bd1a8-20 .kadence-blocks-gallery-item .kb-gal-image-radius, .kb-gallery-id-1958_2bd1a8-20 .kb-slide-item .kb-gal-image-radius img{border-radius:0px 0px 0px 0px;;}<\/style><div class=\"kb-gallery-wrap-id-1958_2bd1a8-20 alignnone wp-block-kadence-advancedgallery\"><div class=\"kb-gallery-ul kb-gallery-non-static kb-gallery-type-thumbslider kb-gallery-id-1958_2bd1a8-20 kb-gallery-caption-style-bottom-hover kb-gallery-filter-none kb-gallery-magnific-init\" data-image-filter=\"none\" data-lightbox-caption=\"true\"><div class=\"kt-blocks-carousel kt-carousel-container-dotstyle-dark\"><div id=\"kb-slider-1958_2bd1a8-20\" class=\"kt-blocks-carousel-init kb-blocks-slider kt-carousel-arrowstyle-whiteondark kt-carousel-dotstyle-dark kb-slider-group-arrow kb-slider-arrow-position-center\" data-columns-xxl=\"4\" data-columns-xl=\"4\" data-columns-md=\"4\" data-columns-sm=\"4\" data-columns-xs=\"4\" data-columns-ss=\"4\" data-slider-anim-speed=\"400\" data-slider-scroll=\"1\" data-slider-arrows=\"true\" data-slider-fade=\"true\" data-slider-dots=\"false\" data-slider-hover-pause=\"false\" data-slider-type=\"thumbnail\" data-slider-nav=\"kb-thumb-slider-1958_2bd1a8-20\"  data-slider-auto=\"\" data-slider-speed=\"7000\" data-slider-gap=\"10px\" data-slider-gap-tablet=\"10px\" data-slider-gap-mobile=\"10px\" data-show-pause-button=\"false\"><li class=\"kb-slide-item kb-gallery-carousel-item\"><div class=\"kadence-blocks-gallery-item\"><div class=\"kadence-blocks-gallery-item-inner\"><figure class=\"kb-gallery-figure kb-gallery-item-has-link kadence-blocks-gallery-item-hide-caption\"><a href=\"http:\/\/sanametall.de\/wp-content\/uploads\/2024\/05\/IMG-9113270fbbed0a332c8ae305e231b139-V.jpg\" class=\"kb-gallery-item-link\"  ><div class=\"kb-gal-image-radius\"><div class=\"kb-gallery-image-contain kadence-blocks-gallery-intrinsic kb-gallery-image-ratio-inherit kb-has-image-ratio-inherit\" ><img loading=\"lazy\" decoding=\"async\" src=\"http:\/\/sanametall.de\/wp-content\/uploads\/2024\/05\/IMG-9113270fbbed0a332c8ae305e231b139-V-768x1024.jpg\" width=\"768\" height=\"1024\" alt=\"\" data-full-image=\"http:\/\/sanametall.de\/wp-content\/uploads\/2024\/05\/IMG-9113270fbbed0a332c8ae305e231b139-V.jpg\" data-light-image=\"http:\/\/sanametall.de\/wp-content\/uploads\/2024\/05\/IMG-9113270fbbed0a332c8ae305e231b139-V.jpg\" data-id=\"1962\" class=\"wp-image-1962 skip-lazy\" srcset=\"https:\/\/sanametall.de\/wp-content\/uploads\/2024\/05\/IMG-9113270fbbed0a332c8ae305e231b139-V-768x1024.jpg 768w, https:\/\/sanametall.de\/wp-content\/uploads\/2024\/05\/IMG-9113270fbbed0a332c8ae305e231b139-V-225x300.jpg 225w, https:\/\/sanametall.de\/wp-content\/uploads\/2024\/05\/IMG-9113270fbbed0a332c8ae305e231b139-V-1152x1536.jpg 1152w, https:\/\/sanametall.de\/wp-content\/uploads\/2024\/05\/IMG-9113270fbbed0a332c8ae305e231b139-V-700x933.jpg 700w, https:\/\/sanametall.de\/wp-content\/uploads\/2024\/05\/IMG-9113270fbbed0a332c8ae305e231b139-V.jpg 1200w\" sizes=\"auto, (max-width: 768px) 100vw, 768px\" \/><\/div><\/div><\/a><\/figure><\/div><\/div><\/li><li class=\"kb-slide-item kb-gallery-carousel-item\"><div class=\"kadence-blocks-gallery-item\"><div class=\"kadence-blocks-gallery-item-inner\"><figure class=\"kb-gallery-figure kb-gallery-item-has-link kadence-blocks-gallery-item-hide-caption\"><a href=\"http:\/\/sanametall.de\/wp-content\/uploads\/2024\/05\/IMG-b5784600d82188fc9687a4e1429c4ef7-V.jpg\" class=\"kb-gallery-item-link\"  ><div class=\"kb-gal-image-radius\"><div class=\"kb-gallery-image-contain kadence-blocks-gallery-intrinsic kb-gallery-image-ratio-inherit kb-has-image-ratio-inherit\" ><img loading=\"lazy\" decoding=\"async\" src=\"http:\/\/sanametall.de\/wp-content\/uploads\/2024\/05\/IMG-b5784600d82188fc9687a4e1429c4ef7-V-768x1024.jpg\" width=\"768\" height=\"1024\" alt=\"\" data-full-image=\"http:\/\/sanametall.de\/wp-content\/uploads\/2024\/05\/IMG-b5784600d82188fc9687a4e1429c4ef7-V.jpg\" data-light-image=\"http:\/\/sanametall.de\/wp-content\/uploads\/2024\/05\/IMG-b5784600d82188fc9687a4e1429c4ef7-V.jpg\" data-id=\"1963\" class=\"wp-image-1963 skip-lazy\" srcset=\"https:\/\/sanametall.de\/wp-content\/uploads\/2024\/05\/IMG-b5784600d82188fc9687a4e1429c4ef7-V-768x1024.jpg 768w, https:\/\/sanametall.de\/wp-content\/uploads\/2024\/05\/IMG-b5784600d82188fc9687a4e1429c4ef7-V-225x300.jpg 225w, https:\/\/sanametall.de\/wp-content\/uploads\/2024\/05\/IMG-b5784600d82188fc9687a4e1429c4ef7-V-1152x1536.jpg 1152w, https:\/\/sanametall.de\/wp-content\/uploads\/2024\/05\/IMG-b5784600d82188fc9687a4e1429c4ef7-V-700x933.jpg 700w, https:\/\/sanametall.de\/wp-content\/uploads\/2024\/05\/IMG-b5784600d82188fc9687a4e1429c4ef7-V.jpg 1200w\" sizes=\"auto, (max-width: 768px) 100vw, 768px\" \/><\/div><\/div><\/a><\/figure><\/div><\/div><\/li><li class=\"kb-slide-item kb-gallery-carousel-item\"><div class=\"kadence-blocks-gallery-item\"><div class=\"kadence-blocks-gallery-item-inner\"><figure class=\"kb-gallery-figure kb-gallery-item-has-link kadence-blocks-gallery-item-hide-caption\"><a href=\"http:\/\/sanametall.de\/wp-content\/uploads\/2024\/05\/IMG-72414a1a9b02183d7de0b4e457d4a10f-V.jpg\" class=\"kb-gallery-item-link\"  ><div class=\"kb-gal-image-radius\"><div class=\"kb-gallery-image-contain kadence-blocks-gallery-intrinsic kb-gallery-image-ratio-inherit kb-has-image-ratio-inherit\" ><img loading=\"lazy\" decoding=\"async\" src=\"http:\/\/sanametall.de\/wp-content\/uploads\/2024\/05\/IMG-72414a1a9b02183d7de0b4e457d4a10f-V-768x1024.jpg\" width=\"768\" height=\"1024\" alt=\"\" data-full-image=\"http:\/\/sanametall.de\/wp-content\/uploads\/2024\/05\/IMG-72414a1a9b02183d7de0b4e457d4a10f-V.jpg\" data-light-image=\"http:\/\/sanametall.de\/wp-content\/uploads\/2024\/05\/IMG-72414a1a9b02183d7de0b4e457d4a10f-V.jpg\" data-id=\"1964\" class=\"wp-image-1964 skip-lazy\" srcset=\"https:\/\/sanametall.de\/wp-content\/uploads\/2024\/05\/IMG-72414a1a9b02183d7de0b4e457d4a10f-V-768x1024.jpg 768w, https:\/\/sanametall.de\/wp-content\/uploads\/2024\/05\/IMG-72414a1a9b02183d7de0b4e457d4a10f-V-225x300.jpg 225w, https:\/\/sanametall.de\/wp-content\/uploads\/2024\/05\/IMG-72414a1a9b02183d7de0b4e457d4a10f-V-1152x1536.jpg 1152w, https:\/\/sanametall.de\/wp-content\/uploads\/2024\/05\/IMG-72414a1a9b02183d7de0b4e457d4a10f-V-700x933.jpg 700w, https:\/\/sanametall.de\/wp-content\/uploads\/2024\/05\/IMG-72414a1a9b02183d7de0b4e457d4a10f-V.jpg 1200w\" sizes=\"auto, (max-width: 768px) 100vw, 768px\" \/><\/div><\/div><\/a><\/figure><\/div><\/div><\/li><li class=\"kb-slide-item kb-gallery-carousel-item\"><div class=\"kadence-blocks-gallery-item\"><div class=\"kadence-blocks-gallery-item-inner\"><figure class=\"kb-gallery-figure kb-gallery-item-has-link kadence-blocks-gallery-item-hide-caption\"><a href=\"http:\/\/sanametall.de\/wp-content\/uploads\/2024\/05\/IMG-77893a451ad6a6eacbc258ab549684db-V.jpg\" class=\"kb-gallery-item-link\"  ><div class=\"kb-gal-image-radius\"><div class=\"kb-gallery-image-contain kadence-blocks-gallery-intrinsic kb-gallery-image-ratio-inherit kb-has-image-ratio-inherit\" ><img loading=\"lazy\" decoding=\"async\" src=\"http:\/\/sanametall.de\/wp-content\/uploads\/2024\/05\/IMG-77893a451ad6a6eacbc258ab549684db-V-768x1024.jpg\" width=\"768\" height=\"1024\" alt=\"\" data-full-image=\"http:\/\/sanametall.de\/wp-content\/uploads\/2024\/05\/IMG-77893a451ad6a6eacbc258ab549684db-V.jpg\" data-light-image=\"http:\/\/sanametall.de\/wp-content\/uploads\/2024\/05\/IMG-77893a451ad6a6eacbc258ab549684db-V.jpg\" data-id=\"1965\" class=\"wp-image-1965 skip-lazy\" srcset=\"https:\/\/sanametall.de\/wp-content\/uploads\/2024\/05\/IMG-77893a451ad6a6eacbc258ab549684db-V-768x1024.jpg 768w, https:\/\/sanametall.de\/wp-content\/uploads\/2024\/05\/IMG-77893a451ad6a6eacbc258ab549684db-V-225x300.jpg 225w, https:\/\/sanametall.de\/wp-content\/uploads\/2024\/05\/IMG-77893a451ad6a6eacbc258ab549684db-V-1152x1536.jpg 1152w, https:\/\/sanametall.de\/wp-content\/uploads\/2024\/05\/IMG-77893a451ad6a6eacbc258ab549684db-V-700x933.jpg 700w, https:\/\/sanametall.de\/wp-content\/uploads\/2024\/05\/IMG-77893a451ad6a6eacbc258ab549684db-V.jpg 1200w\" sizes=\"auto, (max-width: 768px) 100vw, 768px\" \/><\/div><\/div><\/a><\/figure><\/div><\/div><\/li><li class=\"kb-slide-item kb-gallery-carousel-item\"><div class=\"kadence-blocks-gallery-item\"><div class=\"kadence-blocks-gallery-item-inner\"><figure class=\"kb-gallery-figure kb-gallery-item-has-link kadence-blocks-gallery-item-hide-caption\"><a href=\"http:\/\/sanametall.de\/wp-content\/uploads\/2024\/05\/IMG-379251fe874ebfda992e08fdc09237fa-V.jpg\" class=\"kb-gallery-item-link\"  ><div class=\"kb-gal-image-radius\"><div class=\"kb-gallery-image-contain kadence-blocks-gallery-intrinsic kb-gallery-image-ratio-inherit kb-has-image-ratio-inherit\" ><img loading=\"lazy\" decoding=\"async\" src=\"http:\/\/sanametall.de\/wp-content\/uploads\/2024\/05\/IMG-379251fe874ebfda992e08fdc09237fa-V-768x1024.jpg\" width=\"768\" height=\"1024\" alt=\"\" data-full-image=\"http:\/\/sanametall.de\/wp-content\/uploads\/2024\/05\/IMG-379251fe874ebfda992e08fdc09237fa-V.jpg\" data-light-image=\"http:\/\/sanametall.de\/wp-content\/uploads\/2024\/05\/IMG-379251fe874ebfda992e08fdc09237fa-V.jpg\" data-id=\"1966\" class=\"wp-image-1966 skip-lazy\" srcset=\"https:\/\/sanametall.de\/wp-content\/uploads\/2024\/05\/IMG-379251fe874ebfda992e08fdc09237fa-V-768x1024.jpg 768w, https:\/\/sanametall.de\/wp-content\/uploads\/2024\/05\/IMG-379251fe874ebfda992e08fdc09237fa-V-225x300.jpg 225w, https:\/\/sanametall.de\/wp-content\/uploads\/2024\/05\/IMG-379251fe874ebfda992e08fdc09237fa-V-1152x1536.jpg 1152w, https:\/\/sanametall.de\/wp-content\/uploads\/2024\/05\/IMG-379251fe874ebfda992e08fdc09237fa-V-700x933.jpg 700w, https:\/\/sanametall.de\/wp-content\/uploads\/2024\/05\/IMG-379251fe874ebfda992e08fdc09237fa-V.jpg 1200w\" sizes=\"auto, (max-width: 768px) 100vw, 768px\" \/><\/div><\/div><\/a><\/figure><\/div><\/div><\/li><\/div><div id=\"kb-thumb-slider-1958_2bd1a8-20\" class=\"kb-blocks-slider kt-carousel-arrowstyle-whiteondark kt-carousel-dotstyle-dark\" data-slider-anim-speed=\"400\" data-slider-scroll=\"1\" data-slider-arrows=\"true\" data-slider-fade=\"true\" data-slider-dots=\"false\" data-slider-hover-pause=\"false\" data-slider-speed=\"7000\" data-slider-type=\"thumbnail\" data-slider-nav=\"kb-slider-1958_2bd1a8-20\"><li class=\"kb-slide-item kb-gallery-carousel-item\"><div class=\"kadence-blocks-gallery-thumb-item\"><div class=\"kadence-blocks-gallery-thumb-item-inner\"><figure class=\"kb-gallery-figure\"><div class=\"kb-gal-image-radius\"><div class=\"kb-gallery-image-contain kadence-blocks-gallery-intrinsic kb-gallery-image-ratio-land32 kb-has-image-ratio-land32\" ><img loading=\"lazy\" decoding=\"async\" src=\"http:\/\/sanametall.de\/wp-content\/uploads\/2024\/05\/IMG-9113270fbbed0a332c8ae305e231b139-V.jpg\" width=\"768\" height=\"1024\" alt=\"\" data-full-image=\"http:\/\/sanametall.de\/wp-content\/uploads\/2024\/05\/IMG-9113270fbbed0a332c8ae305e231b139-V.jpg\" data-light-image=\"http:\/\/sanametall.de\/wp-content\/uploads\/2024\/05\/IMG-9113270fbbed0a332c8ae305e231b139-V.jpg\" data-id=\"1962\" class=\"wp-image-1962 skip-lazy\" srcset=\"https:\/\/sanametall.de\/wp-content\/uploads\/2024\/05\/IMG-9113270fbbed0a332c8ae305e231b139-V.jpg 1200w, https:\/\/sanametall.de\/wp-content\/uploads\/2024\/05\/IMG-9113270fbbed0a332c8ae305e231b139-V-225x300.jpg 225w, https:\/\/sanametall.de\/wp-content\/uploads\/2024\/05\/IMG-9113270fbbed0a332c8ae305e231b139-V-768x1024.jpg 768w, https:\/\/sanametall.de\/wp-content\/uploads\/2024\/05\/IMG-9113270fbbed0a332c8ae305e231b139-V-1152x1536.jpg 1152w, https:\/\/sanametall.de\/wp-content\/uploads\/2024\/05\/IMG-9113270fbbed0a332c8ae305e231b139-V-700x933.jpg 700w\" sizes=\"auto, (max-width: 768px) 100vw, 768px\" \/><\/div><\/div><\/figure><\/div><\/div><\/li><li class=\"kb-slide-item kb-gallery-carousel-item\"><div class=\"kadence-blocks-gallery-thumb-item\"><div class=\"kadence-blocks-gallery-thumb-item-inner\"><figure class=\"kb-gallery-figure\"><div class=\"kb-gal-image-radius\"><div class=\"kb-gallery-image-contain kadence-blocks-gallery-intrinsic kb-gallery-image-ratio-land32 kb-has-image-ratio-land32\" ><img loading=\"lazy\" decoding=\"async\" src=\"http:\/\/sanametall.de\/wp-content\/uploads\/2024\/05\/IMG-b5784600d82188fc9687a4e1429c4ef7-V.jpg\" width=\"768\" height=\"1024\" alt=\"\" data-full-image=\"http:\/\/sanametall.de\/wp-content\/uploads\/2024\/05\/IMG-b5784600d82188fc9687a4e1429c4ef7-V.jpg\" data-light-image=\"http:\/\/sanametall.de\/wp-content\/uploads\/2024\/05\/IMG-b5784600d82188fc9687a4e1429c4ef7-V.jpg\" data-id=\"1963\" class=\"wp-image-1963 skip-lazy\" srcset=\"https:\/\/sanametall.de\/wp-content\/uploads\/2024\/05\/IMG-b5784600d82188fc9687a4e1429c4ef7-V.jpg 1200w, https:\/\/sanametall.de\/wp-content\/uploads\/2024\/05\/IMG-b5784600d82188fc9687a4e1429c4ef7-V-225x300.jpg 225w, https:\/\/sanametall.de\/wp-content\/uploads\/2024\/05\/IMG-b5784600d82188fc9687a4e1429c4ef7-V-768x1024.jpg 768w, https:\/\/sanametall.de\/wp-content\/uploads\/2024\/05\/IMG-b5784600d82188fc9687a4e1429c4ef7-V-1152x1536.jpg 1152w, https:\/\/sanametall.de\/wp-content\/uploads\/2024\/05\/IMG-b5784600d82188fc9687a4e1429c4ef7-V-700x933.jpg 700w\" sizes=\"auto, (max-width: 768px) 100vw, 768px\" \/><\/div><\/div><\/figure><\/div><\/div><\/li><li class=\"kb-slide-item kb-gallery-carousel-item\"><div class=\"kadence-blocks-gallery-thumb-item\"><div class=\"kadence-blocks-gallery-thumb-item-inner\"><figure class=\"kb-gallery-figure\"><div class=\"kb-gal-image-radius\"><div class=\"kb-gallery-image-contain kadence-blocks-gallery-intrinsic kb-gallery-image-ratio-land32 kb-has-image-ratio-land32\" ><img loading=\"lazy\" decoding=\"async\" src=\"http:\/\/sanametall.de\/wp-content\/uploads\/2024\/05\/IMG-72414a1a9b02183d7de0b4e457d4a10f-V.jpg\" width=\"768\" height=\"1024\" alt=\"\" data-full-image=\"http:\/\/sanametall.de\/wp-content\/uploads\/2024\/05\/IMG-72414a1a9b02183d7de0b4e457d4a10f-V.jpg\" data-light-image=\"http:\/\/sanametall.de\/wp-content\/uploads\/2024\/05\/IMG-72414a1a9b02183d7de0b4e457d4a10f-V.jpg\" data-id=\"1964\" class=\"wp-image-1964 skip-lazy\" srcset=\"https:\/\/sanametall.de\/wp-content\/uploads\/2024\/05\/IMG-72414a1a9b02183d7de0b4e457d4a10f-V.jpg 1200w, https:\/\/sanametall.de\/wp-content\/uploads\/2024\/05\/IMG-72414a1a9b02183d7de0b4e457d4a10f-V-225x300.jpg 225w, https:\/\/sanametall.de\/wp-content\/uploads\/2024\/05\/IMG-72414a1a9b02183d7de0b4e457d4a10f-V-768x1024.jpg 768w, https:\/\/sanametall.de\/wp-content\/uploads\/2024\/05\/IMG-72414a1a9b02183d7de0b4e457d4a10f-V-1152x1536.jpg 1152w, https:\/\/sanametall.de\/wp-content\/uploads\/2024\/05\/IMG-72414a1a9b02183d7de0b4e457d4a10f-V-700x933.jpg 700w\" sizes=\"auto, (max-width: 768px) 100vw, 768px\" \/><\/div><\/div><\/figure><\/div><\/div><\/li><li class=\"kb-slide-item kb-gallery-carousel-item\"><div class=\"kadence-blocks-gallery-thumb-item\"><div class=\"kadence-blocks-gallery-thumb-item-inner\"><figure class=\"kb-gallery-figure\"><div class=\"kb-gal-image-radius\"><div class=\"kb-gallery-image-contain kadence-blocks-gallery-intrinsic kb-gallery-image-ratio-land32 kb-has-image-ratio-land32\" ><img loading=\"lazy\" decoding=\"async\" src=\"http:\/\/sanametall.de\/wp-content\/uploads\/2024\/05\/IMG-77893a451ad6a6eacbc258ab549684db-V.jpg\" width=\"768\" height=\"1024\" alt=\"\" data-full-image=\"http:\/\/sanametall.de\/wp-content\/uploads\/2024\/05\/IMG-77893a451ad6a6eacbc258ab549684db-V.jpg\" data-light-image=\"http:\/\/sanametall.de\/wp-content\/uploads\/2024\/05\/IMG-77893a451ad6a6eacbc258ab549684db-V.jpg\" data-id=\"1965\" class=\"wp-image-1965 skip-lazy\" srcset=\"https:\/\/sanametall.de\/wp-content\/uploads\/2024\/05\/IMG-77893a451ad6a6eacbc258ab549684db-V.jpg 1200w, https:\/\/sanametall.de\/wp-content\/uploads\/2024\/05\/IMG-77893a451ad6a6eacbc258ab549684db-V-225x300.jpg 225w, https:\/\/sanametall.de\/wp-content\/uploads\/2024\/05\/IMG-77893a451ad6a6eacbc258ab549684db-V-768x1024.jpg 768w, https:\/\/sanametall.de\/wp-content\/uploads\/2024\/05\/IMG-77893a451ad6a6eacbc258ab549684db-V-1152x1536.jpg 1152w, https:\/\/sanametall.de\/wp-content\/uploads\/2024\/05\/IMG-77893a451ad6a6eacbc258ab549684db-V-700x933.jpg 700w\" sizes=\"auto, (max-width: 768px) 100vw, 768px\" \/><\/div><\/div><\/figure><\/div><\/div><\/li><li class=\"kb-slide-item kb-gallery-carousel-item\"><div class=\"kadence-blocks-gallery-thumb-item\"><div class=\"kadence-blocks-gallery-thumb-item-inner\"><figure class=\"kb-gallery-figure\"><div class=\"kb-gal-image-radius\"><div class=\"kb-gallery-image-contain kadence-blocks-gallery-intrinsic kb-gallery-image-ratio-land32 kb-has-image-ratio-land32\" ><img loading=\"lazy\" decoding=\"async\" src=\"http:\/\/sanametall.de\/wp-content\/uploads\/2024\/05\/IMG-379251fe874ebfda992e08fdc09237fa-V.jpg\" width=\"768\" height=\"1024\" alt=\"\" data-full-image=\"http:\/\/sanametall.de\/wp-content\/uploads\/2024\/05\/IMG-379251fe874ebfda992e08fdc09237fa-V.jpg\" data-light-image=\"http:\/\/sanametall.de\/wp-content\/uploads\/2024\/05\/IMG-379251fe874ebfda992e08fdc09237fa-V.jpg\" data-id=\"1966\" class=\"wp-image-1966 skip-lazy\" srcset=\"https:\/\/sanametall.de\/wp-content\/uploads\/2024\/05\/IMG-379251fe874ebfda992e08fdc09237fa-V.jpg 1200w, https:\/\/sanametall.de\/wp-content\/uploads\/2024\/05\/IMG-379251fe874ebfda992e08fdc09237fa-V-225x300.jpg 225w, https:\/\/sanametall.de\/wp-content\/uploads\/2024\/05\/IMG-379251fe874ebfda992e08fdc09237fa-V-768x1024.jpg 768w, https:\/\/sanametall.de\/wp-content\/uploads\/2024\/05\/IMG-379251fe874ebfda992e08fdc09237fa-V-1152x1536.jpg 1152w, https:\/\/sanametall.de\/wp-content\/uploads\/2024\/05\/IMG-379251fe874ebfda992e08fdc09237fa-V-700x933.jpg 700w\" sizes=\"auto, (max-width: 768px) 100vw, 768px\" \/><\/div><\/div><\/figure><\/div><\/div><\/li><\/div><\/div><\/div><\/div><\/div><\/div>\n\n\n<style>.kadence-column1958_85e880-fb > .kt-inside-inner-col,.kadence-column1958_85e880-fb > .kt-inside-inner-col:before{border-top-left-radius:0px;border-top-right-radius:0px;border-bottom-right-radius:0px;border-bottom-left-radius:0px;}.kadence-column1958_85e880-fb > .kt-inside-inner-col{column-gap:var(--global-kb-gap-sm, 1rem);}.kadence-column1958_85e880-fb > .kt-inside-inner-col{flex-direction:column;}.kadence-column1958_85e880-fb > .kt-inside-inner-col > .aligncenter{width:100%;}.kadence-column1958_85e880-fb > .kt-inside-inner-col:before{opacity:0.3;}.kadence-column1958_85e880-fb{position:relative;}@media all and (max-width: 1024px){.kadence-column1958_85e880-fb > .kt-inside-inner-col{flex-direction:column;justify-content:center;}}@media all and (max-width: 767px){.kadence-column1958_85e880-fb > .kt-inside-inner-col{flex-direction:column;justify-content:center;}}<\/style>\n<div class=\"wp-block-kadence-column kadence-column1958_85e880-fb\"><div class=\"kt-inside-inner-col\"><style>.wp-block-kadence-advancedheading.kt-adv-heading1958_fbd165-d1, .wp-block-kadence-advancedheading.kt-adv-heading1958_fbd165-d1[data-kb-block=\"kb-adv-heading1958_fbd165-d1\"]{font-size:var(--global-kb-font-size-lg, 2rem);font-style:normal;}.wp-block-kadence-advancedheading.kt-adv-heading1958_fbd165-d1 mark.kt-highlight, .wp-block-kadence-advancedheading.kt-adv-heading1958_fbd165-d1[data-kb-block=\"kb-adv-heading1958_fbd165-d1\"] mark.kt-highlight{font-style:normal;color:#f76a0c;-webkit-box-decoration-break:clone;box-decoration-break:clone;padding-top:0px;padding-right:0px;padding-bottom:0px;padding-left:0px;}<\/style>\n<h2 class=\"kt-adv-heading1958_fbd165-d1 wp-block-kadence-advancedheading\" data-kb-block=\"kb-adv-heading1958_fbd165-d1\"><strong>CAD\/CAM programiranje<\/strong><\/h2>\n\n\n<style>.wp-block-kadence-advancedheading.kt-adv-heading1958_a0e82f-ac, .wp-block-kadence-advancedheading.kt-adv-heading1958_a0e82f-ac[data-kb-block=\"kb-adv-heading1958_a0e82f-ac\"]{font-style:normal;}.wp-block-kadence-advancedheading.kt-adv-heading1958_a0e82f-ac mark.kt-highlight, .wp-block-kadence-advancedheading.kt-adv-heading1958_a0e82f-ac[data-kb-block=\"kb-adv-heading1958_a0e82f-ac\"] mark.kt-highlight{font-style:normal;color:#f76a0c;-webkit-box-decoration-break:clone;box-decoration-break:clone;padding-top:0px;padding-right:0px;padding-bottom:0px;padding-left:0px;}<\/style>\n<p class=\"kt-adv-heading1958_a0e82f-ac wp-block-kadence-advancedheading\" data-kb-block=\"kb-adv-heading1958_a0e82f-ac\">Na\u0161 in\u017eenjerski tim nudi vrhunsku intelektualnu uslugu tehni\u010dkog crtanja i konstruisanja u CAD\/CAM programa, kao i 3D modeliranje. Bez obzira da li se radi o jednostavnim konceptima ili slo\u017eenim tehni\u010dkim specifikacijama, na\u0161i crte\u017ei su precizni, detaljni i prilago\u0111eni va\u0161im zahtjevima. Pored izrade nudimo i dodatne usluge kao \u0161to su konsultacije, modifikacije i optimizacija dizajna.<\/p>\n<\/div><\/div>\n\n<\/div><\/div>","protected":false},"excerpt":{"rendered":"<p>CAD\/CAM programmieren Unser Ingenieurteam bietet Service f\u00fcr technische Zeichnungen und Konstruktionen in CAD\/CAM-Programmen sowie 3D-Modellierung. Ob es sich um einfache Konzepte oder komplexe technische Spezifikationen handelt, unsere Zeichnungen sind pr\u00e4zise, detailliert und auf Ihre Anforderungen zugeschnitten. Neben der Produktion bieten wir auch Zusatzleistungen wie Beratungen, Modifikationen und Designoptimierungen an. Bei Bedarf Partnerunternehmen beauftragen.<\/p>","protected":false},"author":1,"featured_media":0,"parent":0,"menu_order":0,"comment_status":"closed","ping_status":"closed","template":"","meta":{"_kad_blocks_custom_css":"","_kad_blocks_head_custom_js":"","_kad_blocks_body_custom_js":"","_kad_blocks_footer_custom_js":"","_kadence_starter_templates_imported_post":false,"_kad_post_transparent":"","_kad_post_title":"hide","_kad_post_layout":"fullwidth","_kad_post_sidebar_id":"","_kad_post_content_style":"unboxed","_kad_post_vertical_padding":"hide","_kad_post_feature":"","_kad_post_feature_position":"","_kad_post_header":false,"_kad_post_footer":false,"footnotes":""},"class_list":["post-1958","page","type-page","status-publish","hentry"],"taxonomy_info":[],"featured_image_src_large":false,"author_info":{"display_name":"adan_admin","author_link":"https:\/\/sanametall.de\/bs\/author\/adan_admin\/"},"comment_info":0,"_links":{"self":[{"href":"https:\/\/sanametall.de\/bs\/wp-json\/wp\/v2\/pages\/1958","targetHints":{"allow":["GET"]}}],"collection":[{"href":"https:\/\/sanametall.de\/bs\/wp-json\/wp\/v2\/pages"}],"about":[{"href":"https:\/\/sanametall.de\/bs\/wp-json\/wp\/v2\/types\/page"}],"author":[{"embeddable":true,"href":"https:\/\/sanametall.de\/bs\/wp-json\/wp\/v2\/users\/1"}],"replies":[{"embeddable":true,"href":"https:\/\/sanametall.de\/bs\/wp-json\/wp\/v2\/comments?post=1958"}],"version-history":[{"count":8,"href":"https:\/\/sanametall.de\/bs\/wp-json\/wp\/v2\/pages\/1958\/revisions"}],"predecessor-version":[{"id":2172,"href":"https:\/\/sanametall.de\/bs\/wp-json\/wp\/v2\/pages\/1958\/revisions\/2172"}],"wp:attachment":[{"href":"https:\/\/sanametall.de\/bs\/wp-json\/wp\/v2\/media?parent=1958"}],"curies":[{"name":"wp","href":"https:\/\/api.w.org\/{rel}","templated":true}]}}