{"id":1899,"date":"2024-05-17T00:36:33","date_gmt":"2024-05-17T00:36:33","guid":{"rendered":"https:\/\/dev-sanametall.pantheonsite.io\/?page_id=1899"},"modified":"2024-05-23T14:52:52","modified_gmt":"2024-05-23T14:52:52","slug":"usluga-savijanja","status":"publish","type":"page","link":"https:\/\/sanametall.de\/bs\/usluga-savijanja\/","title":{"rendered":"Usluge savijanja"},"content":{"rendered":"<style>.kb-row-layout-id1899_8b7a96-20 > .kt-row-column-wrap{align-content:start;}:where(.kb-row-layout-id1899_8b7a96-20 > .kt-row-column-wrap) > .wp-block-kadence-column{justify-content:start;}.kb-row-layout-id1899_8b7a96-20 > .kt-row-column-wrap{column-gap:var(--global-kb-gap-md, 2rem);row-gap:var(--global-kb-gap-md, 2rem);max-width:var( --global-content-width, 1200px );padding-left:var(--global-content-edge-padding);padding-right:var(--global-content-edge-padding);padding-top:var(--global-kb-spacing-xl, 4rem);padding-bottom:var(--global-kb-spacing-md, 2rem);grid-template-columns:repeat(2, minmax(0, 1fr));}.kb-row-layout-id1899_8b7a96-20 > .kt-row-layout-overlay{opacity:0.30;}@media all and (max-width: 1024px){.kb-row-layout-id1899_8b7a96-20 > .kt-row-column-wrap{grid-template-columns:repeat(2, minmax(0, 1fr));}}@media all and (max-width: 767px){.kb-row-layout-id1899_8b7a96-20 > .kt-row-column-wrap{grid-template-columns:minmax(0, 1fr);}}<\/style><div class=\"kb-row-layout-wrap kb-row-layout-id1899_8b7a96-20 alignnone wp-block-kadence-rowlayout\"><div class=\"kt-row-column-wrap kt-has-2-columns kt-row-layout-equal kt-tab-layout-inherit kt-mobile-layout-row kt-row-valign-top kb-theme-content-width\">\n<style>.kadence-column1899_64d836-b8 > .kt-inside-inner-col,.kadence-column1899_64d836-b8 > .kt-inside-inner-col:before{border-top-left-radius:0px;border-top-right-radius:0px;border-bottom-right-radius:0px;border-bottom-left-radius:0px;}.kadence-column1899_64d836-b8 > .kt-inside-inner-col{column-gap:var(--global-kb-gap-sm, 1rem);}.kadence-column1899_64d836-b8 > .kt-inside-inner-col{flex-direction:column;}.kadence-column1899_64d836-b8 > .kt-inside-inner-col > .aligncenter{width:100%;}.kadence-column1899_64d836-b8 > .kt-inside-inner-col:before{opacity:0.3;}.kadence-column1899_64d836-b8{position:relative;}@media all and (max-width: 1024px){.kadence-column1899_64d836-b8 > .kt-inside-inner-col{flex-direction:column;justify-content:center;}}@media all and (max-width: 767px){.kadence-column1899_64d836-b8 > .kt-inside-inner-col{flex-direction:column;justify-content:center;}}<\/style>\n<div class=\"wp-block-kadence-column kadence-column1899_64d836-b8\"><div class=\"kt-inside-inner-col\"><style>.wp-block-kadence-advancedgallery.kb-gallery-wrap-id-1899_136492-1e{padding-bottom:var(--global-kb-spacing-xs, 1rem);}.kb-gallery-type-thumbslider.kb-gallery-id-1899_136492-1e .kt-blocks-carousel-init {margin-bottom:10px;}.kb-gallery-id-1899_136492-1e .kadence-blocks-gallery-item .kb-gal-image-radius, .kb-gallery-id-1899_136492-1e .kb-slide-item .kb-gal-image-radius img{border-radius:0px 0px 0px 0px;;}<\/style><div class=\"kb-gallery-wrap-id-1899_136492-1e alignnone wp-block-kadence-advancedgallery\"><div class=\"kb-gallery-ul kb-gallery-non-static kb-gallery-type-thumbslider kb-gallery-id-1899_136492-1e kb-gallery-caption-style-bottom-hover kb-gallery-filter-none kb-gallery-magnific-init\" data-image-filter=\"none\" data-lightbox-caption=\"true\"><div class=\"kt-blocks-carousel kt-carousel-container-dotstyle-dark\"><div id=\"kb-slider-1899_136492-1e\" class=\"kt-blocks-carousel-init kb-blocks-slider kt-carousel-arrowstyle-whiteondark kt-carousel-dotstyle-dark kb-slider-group-arrow kb-slider-arrow-position-center\" data-columns-xxl=\"4\" data-columns-xl=\"4\" data-columns-md=\"4\" data-columns-sm=\"4\" data-columns-xs=\"4\" data-columns-ss=\"4\" data-slider-anim-speed=\"400\" data-slider-scroll=\"1\" data-slider-arrows=\"true\" data-slider-fade=\"true\" data-slider-dots=\"false\" data-slider-hover-pause=\"false\" data-slider-type=\"thumbnail\" data-slider-nav=\"kb-thumb-slider-1899_136492-1e\"  data-slider-auto=\"\" data-slider-speed=\"7000\" data-slider-gap=\"10px\" data-slider-gap-tablet=\"10px\" data-slider-gap-mobile=\"10px\" data-show-pause-button=\"false\"><li class=\"kb-slide-item kb-gallery-carousel-item\"><div class=\"kadence-blocks-gallery-item\"><div class=\"kadence-blocks-gallery-item-inner\"><figure class=\"kb-gallery-figure kb-gallery-item-has-link kadence-blocks-gallery-item-hide-caption\"><a href=\"http:\/\/sanametall.de\/wp-content\/uploads\/2024\/05\/1-2.jpg\" class=\"kb-gallery-item-link\"  ><div class=\"kb-gal-image-radius\"><div class=\"kb-gallery-image-contain kadence-blocks-gallery-intrinsic kb-gallery-image-ratio-inherit kb-has-image-ratio-inherit\" ><img loading=\"lazy\" decoding=\"async\" src=\"http:\/\/sanametall.de\/wp-content\/uploads\/2024\/05\/1-2-1024x768.jpg\" width=\"1024\" height=\"768\" alt=\"\" data-full-image=\"http:\/\/sanametall.de\/wp-content\/uploads\/2024\/05\/1-2.jpg\" data-light-image=\"http:\/\/sanametall.de\/wp-content\/uploads\/2024\/05\/1-2.jpg\" data-id=\"1907\" class=\"wp-image-1907 skip-lazy\" srcset=\"https:\/\/sanametall.de\/wp-content\/uploads\/2024\/05\/1-2-1024x768.jpg 1024w, https:\/\/sanametall.de\/wp-content\/uploads\/2024\/05\/1-2-300x225.jpg 300w, https:\/\/sanametall.de\/wp-content\/uploads\/2024\/05\/1-2-768x576.jpg 768w, https:\/\/sanametall.de\/wp-content\/uploads\/2024\/05\/1-2-1536x1152.jpg 1536w, https:\/\/sanametall.de\/wp-content\/uploads\/2024\/05\/1-2-700x525.jpg 700w, https:\/\/sanametall.de\/wp-content\/uploads\/2024\/05\/1-2.jpg 1600w\" sizes=\"auto, (max-width: 1024px) 100vw, 1024px\" \/><\/div><\/div><\/a><\/figure><\/div><\/div><\/li><li class=\"kb-slide-item kb-gallery-carousel-item\"><div class=\"kadence-blocks-gallery-item\"><div class=\"kadence-blocks-gallery-item-inner\"><figure class=\"kb-gallery-figure kb-gallery-item-has-link kadence-blocks-gallery-item-hide-caption\"><a href=\"http:\/\/sanametall.de\/wp-content\/uploads\/2024\/05\/2-2.jpg\" class=\"kb-gallery-item-link\"  ><div class=\"kb-gal-image-radius\"><div class=\"kb-gallery-image-contain kadence-blocks-gallery-intrinsic kb-gallery-image-ratio-inherit kb-has-image-ratio-inherit\" ><img loading=\"lazy\" decoding=\"async\" src=\"http:\/\/sanametall.de\/wp-content\/uploads\/2024\/05\/2-2-1024x768.jpg\" width=\"1024\" height=\"768\" alt=\"\" data-full-image=\"http:\/\/sanametall.de\/wp-content\/uploads\/2024\/05\/2-2.jpg\" data-light-image=\"http:\/\/sanametall.de\/wp-content\/uploads\/2024\/05\/2-2.jpg\" data-id=\"1902\" class=\"wp-image-1902 skip-lazy\" srcset=\"https:\/\/sanametall.de\/wp-content\/uploads\/2024\/05\/2-2-1024x768.jpg 1024w, https:\/\/sanametall.de\/wp-content\/uploads\/2024\/05\/2-2-300x225.jpg 300w, https:\/\/sanametall.de\/wp-content\/uploads\/2024\/05\/2-2-768x576.jpg 768w, https:\/\/sanametall.de\/wp-content\/uploads\/2024\/05\/2-2-1536x1152.jpg 1536w, https:\/\/sanametall.de\/wp-content\/uploads\/2024\/05\/2-2-700x525.jpg 700w, https:\/\/sanametall.de\/wp-content\/uploads\/2024\/05\/2-2.jpg 1600w\" sizes=\"auto, (max-width: 1024px) 100vw, 1024px\" \/><\/div><\/div><\/a><\/figure><\/div><\/div><\/li><li class=\"kb-slide-item kb-gallery-carousel-item\"><div class=\"kadence-blocks-gallery-item\"><div class=\"kadence-blocks-gallery-item-inner\"><figure class=\"kb-gallery-figure kb-gallery-item-has-link kadence-blocks-gallery-item-hide-caption\"><a href=\"http:\/\/sanametall.de\/wp-content\/uploads\/2024\/05\/3-3.jpg\" class=\"kb-gallery-item-link\"  ><div class=\"kb-gal-image-radius\"><div class=\"kb-gallery-image-contain kadence-blocks-gallery-intrinsic kb-gallery-image-ratio-inherit kb-has-image-ratio-inherit\" ><img loading=\"lazy\" decoding=\"async\" src=\"http:\/\/sanametall.de\/wp-content\/uploads\/2024\/05\/3-3-1024x768.jpg\" width=\"1024\" height=\"768\" alt=\"\" data-full-image=\"http:\/\/sanametall.de\/wp-content\/uploads\/2024\/05\/3-3.jpg\" data-light-image=\"http:\/\/sanametall.de\/wp-content\/uploads\/2024\/05\/3-3.jpg\" data-id=\"1903\" class=\"wp-image-1903 skip-lazy\" srcset=\"https:\/\/sanametall.de\/wp-content\/uploads\/2024\/05\/3-3-1024x768.jpg 1024w, https:\/\/sanametall.de\/wp-content\/uploads\/2024\/05\/3-3-300x225.jpg 300w, https:\/\/sanametall.de\/wp-content\/uploads\/2024\/05\/3-3-768x576.jpg 768w, https:\/\/sanametall.de\/wp-content\/uploads\/2024\/05\/3-3-1536x1152.jpg 1536w, https:\/\/sanametall.de\/wp-content\/uploads\/2024\/05\/3-3-700x525.jpg 700w, https:\/\/sanametall.de\/wp-content\/uploads\/2024\/05\/3-3.jpg 1600w\" sizes=\"auto, (max-width: 1024px) 100vw, 1024px\" \/><\/div><\/div><\/a><\/figure><\/div><\/div><\/li><li class=\"kb-slide-item kb-gallery-carousel-item\"><div class=\"kadence-blocks-gallery-item\"><div class=\"kadence-blocks-gallery-item-inner\"><figure class=\"kb-gallery-figure kb-gallery-item-has-link kadence-blocks-gallery-item-hide-caption\"><a href=\"http:\/\/sanametall.de\/wp-content\/uploads\/2024\/05\/4-3.jpg\" class=\"kb-gallery-item-link\"  ><div class=\"kb-gal-image-radius\"><div class=\"kb-gallery-image-contain kadence-blocks-gallery-intrinsic kb-gallery-image-ratio-inherit kb-has-image-ratio-inherit\" ><img loading=\"lazy\" decoding=\"async\" src=\"http:\/\/sanametall.de\/wp-content\/uploads\/2024\/05\/4-3-1024x768.jpg\" width=\"1024\" height=\"768\" alt=\"\" data-full-image=\"http:\/\/sanametall.de\/wp-content\/uploads\/2024\/05\/4-3.jpg\" data-light-image=\"http:\/\/sanametall.de\/wp-content\/uploads\/2024\/05\/4-3.jpg\" data-id=\"1904\" class=\"wp-image-1904 skip-lazy\" srcset=\"https:\/\/sanametall.de\/wp-content\/uploads\/2024\/05\/4-3-1024x768.jpg 1024w, https:\/\/sanametall.de\/wp-content\/uploads\/2024\/05\/4-3-300x225.jpg 300w, https:\/\/sanametall.de\/wp-content\/uploads\/2024\/05\/4-3-768x576.jpg 768w, https:\/\/sanametall.de\/wp-content\/uploads\/2024\/05\/4-3-1536x1152.jpg 1536w, https:\/\/sanametall.de\/wp-content\/uploads\/2024\/05\/4-3-700x525.jpg 700w, https:\/\/sanametall.de\/wp-content\/uploads\/2024\/05\/4-3.jpg 1600w\" sizes=\"auto, (max-width: 1024px) 100vw, 1024px\" \/><\/div><\/div><\/a><\/figure><\/div><\/div><\/li><li class=\"kb-slide-item kb-gallery-carousel-item\"><div class=\"kadence-blocks-gallery-item\"><div class=\"kadence-blocks-gallery-item-inner\"><figure class=\"kb-gallery-figure kb-gallery-item-has-link kadence-blocks-gallery-item-hide-caption\"><a href=\"http:\/\/sanametall.de\/wp-content\/uploads\/2024\/05\/5-2.jpg\" class=\"kb-gallery-item-link\"  ><div class=\"kb-gal-image-radius\"><div class=\"kb-gallery-image-contain kadence-blocks-gallery-intrinsic kb-gallery-image-ratio-inherit kb-has-image-ratio-inherit\" ><img loading=\"lazy\" decoding=\"async\" src=\"http:\/\/sanametall.de\/wp-content\/uploads\/2024\/05\/5-2-1024x768.jpg\" width=\"1024\" height=\"768\" alt=\"\" data-full-image=\"http:\/\/sanametall.de\/wp-content\/uploads\/2024\/05\/5-2.jpg\" data-light-image=\"http:\/\/sanametall.de\/wp-content\/uploads\/2024\/05\/5-2.jpg\" data-id=\"1905\" class=\"wp-image-1905 skip-lazy\" srcset=\"https:\/\/sanametall.de\/wp-content\/uploads\/2024\/05\/5-2-1024x768.jpg 1024w, https:\/\/sanametall.de\/wp-content\/uploads\/2024\/05\/5-2-300x225.jpg 300w, https:\/\/sanametall.de\/wp-content\/uploads\/2024\/05\/5-2-768x576.jpg 768w, https:\/\/sanametall.de\/wp-content\/uploads\/2024\/05\/5-2-1536x1152.jpg 1536w, https:\/\/sanametall.de\/wp-content\/uploads\/2024\/05\/5-2-700x525.jpg 700w, https:\/\/sanametall.de\/wp-content\/uploads\/2024\/05\/5-2.jpg 1600w\" sizes=\"auto, (max-width: 1024px) 100vw, 1024px\" \/><\/div><\/div><\/a><\/figure><\/div><\/div><\/li><li class=\"kb-slide-item kb-gallery-carousel-item\"><div class=\"kadence-blocks-gallery-item\"><div class=\"kadence-blocks-gallery-item-inner\"><figure class=\"kb-gallery-figure kb-gallery-item-has-link kadence-blocks-gallery-item-hide-caption\"><a href=\"http:\/\/sanametall.de\/wp-content\/uploads\/2024\/05\/6-2.jpg\" class=\"kb-gallery-item-link\"  ><div class=\"kb-gal-image-radius\"><div class=\"kb-gallery-image-contain kadence-blocks-gallery-intrinsic kb-gallery-image-ratio-inherit kb-has-image-ratio-inherit\" ><img loading=\"lazy\" decoding=\"async\" src=\"http:\/\/sanametall.de\/wp-content\/uploads\/2024\/05\/6-2-1024x768.jpg\" width=\"1024\" height=\"768\" alt=\"\" data-full-image=\"http:\/\/sanametall.de\/wp-content\/uploads\/2024\/05\/6-2.jpg\" data-light-image=\"http:\/\/sanametall.de\/wp-content\/uploads\/2024\/05\/6-2.jpg\" data-id=\"1906\" class=\"wp-image-1906 skip-lazy\" srcset=\"https:\/\/sanametall.de\/wp-content\/uploads\/2024\/05\/6-2-1024x768.jpg 1024w, https:\/\/sanametall.de\/wp-content\/uploads\/2024\/05\/6-2-300x225.jpg 300w, https:\/\/sanametall.de\/wp-content\/uploads\/2024\/05\/6-2-768x576.jpg 768w, https:\/\/sanametall.de\/wp-content\/uploads\/2024\/05\/6-2-1536x1152.jpg 1536w, https:\/\/sanametall.de\/wp-content\/uploads\/2024\/05\/6-2-700x525.jpg 700w, https:\/\/sanametall.de\/wp-content\/uploads\/2024\/05\/6-2.jpg 1600w\" sizes=\"auto, (max-width: 1024px) 100vw, 1024px\" \/><\/div><\/div><\/a><\/figure><\/div><\/div><\/li><\/div><div id=\"kb-thumb-slider-1899_136492-1e\" class=\"kb-blocks-slider kt-carousel-arrowstyle-whiteondark kt-carousel-dotstyle-dark\" data-slider-anim-speed=\"400\" data-slider-scroll=\"1\" data-slider-arrows=\"true\" data-slider-fade=\"true\" data-slider-dots=\"false\" data-slider-hover-pause=\"false\" data-slider-speed=\"7000\" data-slider-type=\"thumbnail\" data-slider-nav=\"kb-slider-1899_136492-1e\"><li class=\"kb-slide-item kb-gallery-carousel-item\"><div class=\"kadence-blocks-gallery-thumb-item\"><div class=\"kadence-blocks-gallery-thumb-item-inner\"><figure class=\"kb-gallery-figure\"><div class=\"kb-gal-image-radius\"><div class=\"kb-gallery-image-contain kadence-blocks-gallery-intrinsic kb-gallery-image-ratio-land32 kb-has-image-ratio-land32\" ><img loading=\"lazy\" decoding=\"async\" src=\"http:\/\/sanametall.de\/wp-content\/uploads\/2024\/05\/1-2.jpg\" width=\"1024\" height=\"768\" alt=\"\" data-full-image=\"http:\/\/sanametall.de\/wp-content\/uploads\/2024\/05\/1-2.jpg\" data-light-image=\"http:\/\/sanametall.de\/wp-content\/uploads\/2024\/05\/1-2.jpg\" data-id=\"1907\" class=\"wp-image-1907 skip-lazy\" srcset=\"https:\/\/sanametall.de\/wp-content\/uploads\/2024\/05\/1-2.jpg 1600w, https:\/\/sanametall.de\/wp-content\/uploads\/2024\/05\/1-2-300x225.jpg 300w, https:\/\/sanametall.de\/wp-content\/uploads\/2024\/05\/1-2-1024x768.jpg 1024w, https:\/\/sanametall.de\/wp-content\/uploads\/2024\/05\/1-2-768x576.jpg 768w, https:\/\/sanametall.de\/wp-content\/uploads\/2024\/05\/1-2-1536x1152.jpg 1536w, https:\/\/sanametall.de\/wp-content\/uploads\/2024\/05\/1-2-700x525.jpg 700w\" sizes=\"auto, (max-width: 1024px) 100vw, 1024px\" \/><\/div><\/div><\/figure><\/div><\/div><\/li><li class=\"kb-slide-item kb-gallery-carousel-item\"><div class=\"kadence-blocks-gallery-thumb-item\"><div class=\"kadence-blocks-gallery-thumb-item-inner\"><figure class=\"kb-gallery-figure\"><div class=\"kb-gal-image-radius\"><div class=\"kb-gallery-image-contain kadence-blocks-gallery-intrinsic kb-gallery-image-ratio-land32 kb-has-image-ratio-land32\" ><img loading=\"lazy\" decoding=\"async\" src=\"http:\/\/sanametall.de\/wp-content\/uploads\/2024\/05\/2-2.jpg\" width=\"1024\" height=\"768\" alt=\"\" data-full-image=\"http:\/\/sanametall.de\/wp-content\/uploads\/2024\/05\/2-2.jpg\" data-light-image=\"http:\/\/sanametall.de\/wp-content\/uploads\/2024\/05\/2-2.jpg\" data-id=\"1902\" class=\"wp-image-1902 skip-lazy\" srcset=\"https:\/\/sanametall.de\/wp-content\/uploads\/2024\/05\/2-2.jpg 1600w, https:\/\/sanametall.de\/wp-content\/uploads\/2024\/05\/2-2-300x225.jpg 300w, https:\/\/sanametall.de\/wp-content\/uploads\/2024\/05\/2-2-1024x768.jpg 1024w, https:\/\/sanametall.de\/wp-content\/uploads\/2024\/05\/2-2-768x576.jpg 768w, https:\/\/sanametall.de\/wp-content\/uploads\/2024\/05\/2-2-1536x1152.jpg 1536w, https:\/\/sanametall.de\/wp-content\/uploads\/2024\/05\/2-2-700x525.jpg 700w\" sizes=\"auto, (max-width: 1024px) 100vw, 1024px\" \/><\/div><\/div><\/figure><\/div><\/div><\/li><li class=\"kb-slide-item kb-gallery-carousel-item\"><div class=\"kadence-blocks-gallery-thumb-item\"><div class=\"kadence-blocks-gallery-thumb-item-inner\"><figure class=\"kb-gallery-figure\"><div class=\"kb-gal-image-radius\"><div class=\"kb-gallery-image-contain kadence-blocks-gallery-intrinsic kb-gallery-image-ratio-land32 kb-has-image-ratio-land32\" ><img loading=\"lazy\" decoding=\"async\" src=\"http:\/\/sanametall.de\/wp-content\/uploads\/2024\/05\/3-3.jpg\" width=\"1024\" height=\"768\" alt=\"\" data-full-image=\"http:\/\/sanametall.de\/wp-content\/uploads\/2024\/05\/3-3.jpg\" data-light-image=\"http:\/\/sanametall.de\/wp-content\/uploads\/2024\/05\/3-3.jpg\" data-id=\"1903\" class=\"wp-image-1903 skip-lazy\" srcset=\"https:\/\/sanametall.de\/wp-content\/uploads\/2024\/05\/3-3.jpg 1600w, https:\/\/sanametall.de\/wp-content\/uploads\/2024\/05\/3-3-300x225.jpg 300w, https:\/\/sanametall.de\/wp-content\/uploads\/2024\/05\/3-3-1024x768.jpg 1024w, https:\/\/sanametall.de\/wp-content\/uploads\/2024\/05\/3-3-768x576.jpg 768w, https:\/\/sanametall.de\/wp-content\/uploads\/2024\/05\/3-3-1536x1152.jpg 1536w, https:\/\/sanametall.de\/wp-content\/uploads\/2024\/05\/3-3-700x525.jpg 700w\" sizes=\"auto, (max-width: 1024px) 100vw, 1024px\" \/><\/div><\/div><\/figure><\/div><\/div><\/li><li class=\"kb-slide-item kb-gallery-carousel-item\"><div class=\"kadence-blocks-gallery-thumb-item\"><div class=\"kadence-blocks-gallery-thumb-item-inner\"><figure class=\"kb-gallery-figure\"><div class=\"kb-gal-image-radius\"><div class=\"kb-gallery-image-contain kadence-blocks-gallery-intrinsic kb-gallery-image-ratio-land32 kb-has-image-ratio-land32\" ><img loading=\"lazy\" decoding=\"async\" src=\"http:\/\/sanametall.de\/wp-content\/uploads\/2024\/05\/4-3.jpg\" width=\"1024\" height=\"768\" alt=\"\" data-full-image=\"http:\/\/sanametall.de\/wp-content\/uploads\/2024\/05\/4-3.jpg\" data-light-image=\"http:\/\/sanametall.de\/wp-content\/uploads\/2024\/05\/4-3.jpg\" data-id=\"1904\" class=\"wp-image-1904 skip-lazy\" srcset=\"https:\/\/sanametall.de\/wp-content\/uploads\/2024\/05\/4-3.jpg 1600w, https:\/\/sanametall.de\/wp-content\/uploads\/2024\/05\/4-3-300x225.jpg 300w, https:\/\/sanametall.de\/wp-content\/uploads\/2024\/05\/4-3-1024x768.jpg 1024w, https:\/\/sanametall.de\/wp-content\/uploads\/2024\/05\/4-3-768x576.jpg 768w, https:\/\/sanametall.de\/wp-content\/uploads\/2024\/05\/4-3-1536x1152.jpg 1536w, https:\/\/sanametall.de\/wp-content\/uploads\/2024\/05\/4-3-700x525.jpg 700w\" sizes=\"auto, (max-width: 1024px) 100vw, 1024px\" \/><\/div><\/div><\/figure><\/div><\/div><\/li><li class=\"kb-slide-item kb-gallery-carousel-item\"><div class=\"kadence-blocks-gallery-thumb-item\"><div class=\"kadence-blocks-gallery-thumb-item-inner\"><figure class=\"kb-gallery-figure\"><div class=\"kb-gal-image-radius\"><div class=\"kb-gallery-image-contain kadence-blocks-gallery-intrinsic kb-gallery-image-ratio-land32 kb-has-image-ratio-land32\" ><img loading=\"lazy\" decoding=\"async\" src=\"http:\/\/sanametall.de\/wp-content\/uploads\/2024\/05\/5-2.jpg\" width=\"1024\" height=\"768\" alt=\"\" data-full-image=\"http:\/\/sanametall.de\/wp-content\/uploads\/2024\/05\/5-2.jpg\" data-light-image=\"http:\/\/sanametall.de\/wp-content\/uploads\/2024\/05\/5-2.jpg\" data-id=\"1905\" class=\"wp-image-1905 skip-lazy\" srcset=\"https:\/\/sanametall.de\/wp-content\/uploads\/2024\/05\/5-2.jpg 1600w, https:\/\/sanametall.de\/wp-content\/uploads\/2024\/05\/5-2-300x225.jpg 300w, https:\/\/sanametall.de\/wp-content\/uploads\/2024\/05\/5-2-1024x768.jpg 1024w, https:\/\/sanametall.de\/wp-content\/uploads\/2024\/05\/5-2-768x576.jpg 768w, https:\/\/sanametall.de\/wp-content\/uploads\/2024\/05\/5-2-1536x1152.jpg 1536w, https:\/\/sanametall.de\/wp-content\/uploads\/2024\/05\/5-2-700x525.jpg 700w\" sizes=\"auto, (max-width: 1024px) 100vw, 1024px\" \/><\/div><\/div><\/figure><\/div><\/div><\/li><li class=\"kb-slide-item kb-gallery-carousel-item\"><div class=\"kadence-blocks-gallery-thumb-item\"><div class=\"kadence-blocks-gallery-thumb-item-inner\"><figure class=\"kb-gallery-figure\"><div class=\"kb-gal-image-radius\"><div class=\"kb-gallery-image-contain kadence-blocks-gallery-intrinsic kb-gallery-image-ratio-land32 kb-has-image-ratio-land32\" ><img loading=\"lazy\" decoding=\"async\" src=\"http:\/\/sanametall.de\/wp-content\/uploads\/2024\/05\/6-2.jpg\" width=\"1024\" height=\"768\" alt=\"\" data-full-image=\"http:\/\/sanametall.de\/wp-content\/uploads\/2024\/05\/6-2.jpg\" data-light-image=\"http:\/\/sanametall.de\/wp-content\/uploads\/2024\/05\/6-2.jpg\" data-id=\"1906\" class=\"wp-image-1906 skip-lazy\" srcset=\"https:\/\/sanametall.de\/wp-content\/uploads\/2024\/05\/6-2.jpg 1600w, https:\/\/sanametall.de\/wp-content\/uploads\/2024\/05\/6-2-300x225.jpg 300w, https:\/\/sanametall.de\/wp-content\/uploads\/2024\/05\/6-2-1024x768.jpg 1024w, https:\/\/sanametall.de\/wp-content\/uploads\/2024\/05\/6-2-768x576.jpg 768w, https:\/\/sanametall.de\/wp-content\/uploads\/2024\/05\/6-2-1536x1152.jpg 1536w, https:\/\/sanametall.de\/wp-content\/uploads\/2024\/05\/6-2-700x525.jpg 700w\" sizes=\"auto, (max-width: 1024px) 100vw, 1024px\" \/><\/div><\/div><\/figure><\/div><\/div><\/li><\/div><\/div><\/div><\/div><\/div><\/div>\n\n\n<style>.kadence-column1899_2885cb-ab > .kt-inside-inner-col,.kadence-column1899_2885cb-ab > .kt-inside-inner-col:before{border-top-left-radius:0px;border-top-right-radius:0px;border-bottom-right-radius:0px;border-bottom-left-radius:0px;}.kadence-column1899_2885cb-ab > .kt-inside-inner-col{column-gap:var(--global-kb-gap-sm, 1rem);}.kadence-column1899_2885cb-ab > .kt-inside-inner-col{flex-direction:column;}.kadence-column1899_2885cb-ab > .kt-inside-inner-col > .aligncenter{width:100%;}.kadence-column1899_2885cb-ab > .kt-inside-inner-col:before{opacity:0.3;}.kadence-column1899_2885cb-ab{position:relative;}@media all and (max-width: 1024px){.kadence-column1899_2885cb-ab > .kt-inside-inner-col{flex-direction:column;justify-content:center;}}@media all and (max-width: 767px){.kadence-column1899_2885cb-ab > .kt-inside-inner-col{flex-direction:column;justify-content:center;}}<\/style>\n<div class=\"wp-block-kadence-column kadence-column1899_2885cb-ab\"><div class=\"kt-inside-inner-col\"><style>.wp-block-kadence-advancedheading.kt-adv-heading1899_84a914-ad, .wp-block-kadence-advancedheading.kt-adv-heading1899_84a914-ad[data-kb-block=\"kb-adv-heading1899_84a914-ad\"]{font-size:var(--global-kb-font-size-lg, 2rem);font-style:normal;}.wp-block-kadence-advancedheading.kt-adv-heading1899_84a914-ad mark.kt-highlight, .wp-block-kadence-advancedheading.kt-adv-heading1899_84a914-ad[data-kb-block=\"kb-adv-heading1899_84a914-ad\"] mark.kt-highlight{font-style:normal;color:#f76a0c;-webkit-box-decoration-break:clone;box-decoration-break:clone;padding-top:0px;padding-right:0px;padding-bottom:0px;padding-left:0px;}<\/style>\n<h2 class=\"kt-adv-heading1899_84a914-ad wp-block-kadence-advancedheading\" data-kb-block=\"kb-adv-heading1899_84a914-ad\">Usluge savijanja<\/h2>\n\n\n\n<p>Posjedujemo dvije ERMAK POWER BEND ma\u0161ine. Nudimo vrhunsku uslugu savijanja dokazanu kroz me\u0111unarodne ISO standarde. Visoko kvalifikovani i iskusni suradnici, te u\u010dinkovitom internom kontrolom crpe maksimum iz navedenih ma\u0161ina, a rezultat su krajnje kvalitetni proizvodi priznati na evropskom tr\u017ei\u0161tu. Posjeduju\u0107i mno\u0161tvo alata i matrica smo u stanju da odgovaramo na potrebe kupaca u smislu debljine i kakvo\u0107e materijala koji se savija.<\/p>\n\n\n\n<ol>\n        <li>\nERMAK POWER BEND PRO 2600&#215;100            <ul>\n                <li>Kapacitet 100 tona<\/li>\n                <li>Savijanje dijelova do 2600 mm.<\/li>\n                <li>Snaga motora 7,5 kW.<\/li>\n            <\/ul><br>\n        <\/li>\n        <li>\n            ERMAK POWER BEND PRO 1270&#215;40\n            <ul>\n                <li>Kapacitet 40 tona<\/li>\n                <li>Savijanje dijelova do 1270mm<\/li>\n                <li>Snaga motora 5,5 kW.<\/li>\n            <\/ul>\n        <\/li>\n    <\/ol>\n\n\n\n<p>Po potrebi mo\u017eemo anga\u017eovati kooperante za savijanje dijelova ve\u0107ih pozicija.<\/p>\n<\/div><\/div>\n\n<\/div><\/div>","protected":false},"excerpt":{"rendered":"<p>Abkantpresse Wir verf\u00fcgen \u00fcber zwei ERMAK POWER BEND-Maschinen. Hochqualifizierte und erfahrene Mitarbeiter sowie eine wirksame interne Kontrolle sorgen f\u00fcr hochwertige Produkte, die auf dem europ\u00e4ischen Markt anerkannt sind. Wir sind in der Lage, auf die Bed\u00fcrfnisse unserer Kunden hinsichtlich der Dicke und Qualit\u00e4t des zu biegenden Materials einzugehen. ERMAK POWER BEND PRO 2600&#215;100 Kapazit\u00e4t 100&#8230;<\/p>","protected":false},"author":1,"featured_media":0,"parent":0,"menu_order":0,"comment_status":"closed","ping_status":"closed","template":"","meta":{"_kad_blocks_custom_css":"","_kad_blocks_head_custom_js":"","_kad_blocks_body_custom_js":"","_kad_blocks_footer_custom_js":"","_kadence_starter_templates_imported_post":false,"_kad_post_transparent":"","_kad_post_title":"hide","_kad_post_layout":"fullwidth","_kad_post_sidebar_id":"","_kad_post_content_style":"unboxed","_kad_post_vertical_padding":"hide","_kad_post_feature":"","_kad_post_feature_position":"","_kad_post_header":false,"_kad_post_footer":false,"footnotes":""},"class_list":["post-1899","page","type-page","status-publish","hentry"],"taxonomy_info":[],"featured_image_src_large":false,"author_info":{"display_name":"adan_admin","author_link":"https:\/\/sanametall.de\/bs\/author\/adan_admin\/"},"comment_info":0,"_links":{"self":[{"href":"https:\/\/sanametall.de\/bs\/wp-json\/wp\/v2\/pages\/1899","targetHints":{"allow":["GET"]}}],"collection":[{"href":"https:\/\/sanametall.de\/bs\/wp-json\/wp\/v2\/pages"}],"about":[{"href":"https:\/\/sanametall.de\/bs\/wp-json\/wp\/v2\/types\/page"}],"author":[{"embeddable":true,"href":"https:\/\/sanametall.de\/bs\/wp-json\/wp\/v2\/users\/1"}],"replies":[{"embeddable":true,"href":"https:\/\/sanametall.de\/bs\/wp-json\/wp\/v2\/comments?post=1899"}],"version-history":[{"count":18,"href":"https:\/\/sanametall.de\/bs\/wp-json\/wp\/v2\/pages\/1899\/revisions"}],"predecessor-version":[{"id":2150,"href":"https:\/\/sanametall.de\/bs\/wp-json\/wp\/v2\/pages\/1899\/revisions\/2150"}],"wp:attachment":[{"href":"https:\/\/sanametall.de\/bs\/wp-json\/wp\/v2\/media?parent=1899"}],"curies":[{"name":"wp","href":"https:\/\/api.w.org\/{rel}","templated":true}]}}