{"id":1845,"date":"2024-05-16T23:36:32","date_gmt":"2024-05-16T23:36:32","guid":{"rendered":"https:\/\/dev-sanametall.pantheonsite.io\/?page_id=1845"},"modified":"2024-05-23T14:49:35","modified_gmt":"2024-05-23T14:49:35","slug":"usluge-varenja-mig-mag-tig","status":"publish","type":"page","link":"https:\/\/sanametall.de\/bs\/usluge-varenja-mig-mag-tig\/","title":{"rendered":"Usluge varenja MIG\/MAG + TIG"},"content":{"rendered":"<style>.kb-row-layout-id1845_25b19e-26 > .kt-row-column-wrap{align-content:start;}:where(.kb-row-layout-id1845_25b19e-26 > .kt-row-column-wrap) > .wp-block-kadence-column{justify-content:start;}.kb-row-layout-id1845_25b19e-26 > .kt-row-column-wrap{column-gap:var(--global-kb-gap-md, 2rem);row-gap:var(--global-kb-gap-md, 2rem);max-width:var( --global-content-width, 1200px );padding-left:var(--global-content-edge-padding);padding-right:var(--global-content-edge-padding);padding-top:var(--global-kb-spacing-xl, 4rem);padding-bottom:var(--global-kb-spacing-md, 2rem);grid-template-columns:repeat(2, minmax(0, 1fr));}.kb-row-layout-id1845_25b19e-26 > .kt-row-layout-overlay{opacity:0.30;}@media all and (max-width: 1024px){.kb-row-layout-id1845_25b19e-26 > .kt-row-column-wrap{grid-template-columns:repeat(2, minmax(0, 1fr));}}@media all and (max-width: 767px){.kb-row-layout-id1845_25b19e-26 > .kt-row-column-wrap{grid-template-columns:minmax(0, 1fr);}}<\/style><div class=\"kb-row-layout-wrap kb-row-layout-id1845_25b19e-26 alignnone wp-block-kadence-rowlayout\"><div class=\"kt-row-column-wrap kt-has-2-columns kt-row-layout-equal kt-tab-layout-inherit kt-mobile-layout-row kt-row-valign-top kb-theme-content-width\">\n<style>.kadence-column1845_3255cf-14 > .kt-inside-inner-col,.kadence-column1845_3255cf-14 > .kt-inside-inner-col:before{border-top-left-radius:0px;border-top-right-radius:0px;border-bottom-right-radius:0px;border-bottom-left-radius:0px;}.kadence-column1845_3255cf-14 > .kt-inside-inner-col{column-gap:var(--global-kb-gap-sm, 1rem);}.kadence-column1845_3255cf-14 > .kt-inside-inner-col{flex-direction:column;}.kadence-column1845_3255cf-14 > .kt-inside-inner-col > .aligncenter{width:100%;}.kadence-column1845_3255cf-14 > .kt-inside-inner-col:before{opacity:0.3;}.kadence-column1845_3255cf-14{position:relative;}@media all and (max-width: 1024px){.kadence-column1845_3255cf-14 > .kt-inside-inner-col{flex-direction:column;justify-content:center;}}@media all and (max-width: 767px){.kadence-column1845_3255cf-14 > .kt-inside-inner-col{flex-direction:column;justify-content:center;}}<\/style>\n<div class=\"wp-block-kadence-column kadence-column1845_3255cf-14\"><div class=\"kt-inside-inner-col\"><style>.wp-block-kadence-advancedgallery.kb-gallery-wrap-id-1845_45e974-fa{padding-bottom:var(--global-kb-spacing-xs, 1rem);}.kb-gallery-id-1845_45e974-fa .kadence-blocks-gallery-item .kb-gal-image-radius, .kb-gallery-id-1845_45e974-fa .kb-slide-item .kb-gal-image-radius img{border-radius:0px 0px 0px 0px;;}.kb-gallery-wrap-id-1845_45e974-fa.wp-block-kadence-advancedgallery{overflow:visible;}.kb-gallery-wrap-id-1845_45e974-fa.wp-block-kadence-advancedgallery .kt-blocks-carousel{overflow:visible;}<\/style><div class=\"kb-gallery-wrap-id-1845_45e974-fa alignnone wp-block-kadence-advancedgallery\"><div class=\"kb-gallery-ul kb-gallery-non-static kb-gallery-type-slider kb-gallery-id-1845_45e974-fa kb-gallery-caption-style-bottom-hover kb-gallery-filter-none kb-gallery-magnific-init\" data-image-filter=\"none\" data-lightbox-caption=\"true\"><div class=\"kt-blocks-carousel kt-carousel-container-dotstyle-dark\"><div class=\"kt-blocks-carousel-init kb-blocks-slider kt-carousel-arrowstyle-whiteondark kt-carousel-dotstyle-dark kb-slider-group-arrow kb-slider-arrow-position-center\" data-slider-anim-speed=\"400\" data-slider-scroll=\"1\" data-slider-arrows=\"true\" data-slider-fade=\"true\" data-slider-dots=\"true\"data-slider-type=\"slider\"  data-slider-hover-pause=\"false\" data-slider-auto=\"\" data-slider-speed=\"7000\" data-show-pause-button=\"false\"><li class=\"kb-slide-item kb-gallery-slide-item\"><div class=\"kadence-blocks-gallery-item\"><div class=\"kadence-blocks-gallery-item-inner\"><figure class=\"kb-gallery-figure kb-gallery-item-has-link kadence-blocks-gallery-item-hide-caption\"><a href=\"http:\/\/sanametall.de\/wp-content\/uploads\/2024\/05\/2-naslovna.jpg\" class=\"kb-gallery-item-link\"  ><div class=\"kb-gal-image-radius\"><div class=\"kb-gallery-image-contain kadence-blocks-gallery-intrinsic kb-gallery-image-ratio-inherit kb-has-image-ratio-inherit\" ><img loading=\"lazy\" decoding=\"async\" src=\"http:\/\/sanametall.de\/wp-content\/uploads\/2024\/05\/2-naslovna-1024x768.jpg\" width=\"1024\" height=\"768\" alt=\"\" data-full-image=\"http:\/\/sanametall.de\/wp-content\/uploads\/2024\/05\/2-naslovna.jpg\" data-light-image=\"http:\/\/sanametall.de\/wp-content\/uploads\/2024\/05\/2-naslovna.jpg\" data-id=\"1837\" class=\"wp-image-1837 skip-lazy\" srcset=\"https:\/\/sanametall.de\/wp-content\/uploads\/2024\/05\/2-naslovna-1024x768.jpg 1024w, https:\/\/sanametall.de\/wp-content\/uploads\/2024\/05\/2-naslovna-300x225.jpg 300w, https:\/\/sanametall.de\/wp-content\/uploads\/2024\/05\/2-naslovna-768x576.jpg 768w, https:\/\/sanametall.de\/wp-content\/uploads\/2024\/05\/2-naslovna-1536x1152.jpg 1536w, https:\/\/sanametall.de\/wp-content\/uploads\/2024\/05\/2-naslovna-700x525.jpg 700w, https:\/\/sanametall.de\/wp-content\/uploads\/2024\/05\/2-naslovna.jpg 1600w\" sizes=\"auto, (max-width: 1024px) 100vw, 1024px\" \/><\/div><\/div><\/a><\/figure><\/div><\/div><\/li><li class=\"kb-slide-item kb-gallery-slide-item\"><div class=\"kadence-blocks-gallery-item\"><div class=\"kadence-blocks-gallery-item-inner\"><figure class=\"kb-gallery-figure kb-gallery-item-has-link kadence-blocks-gallery-item-hide-caption\"><a href=\"http:\/\/sanametall.de\/wp-content\/uploads\/2024\/05\/3.jpg\" class=\"kb-gallery-item-link\"  ><div class=\"kb-gal-image-radius\"><div class=\"kb-gallery-image-contain kadence-blocks-gallery-intrinsic kb-gallery-image-ratio-inherit kb-has-image-ratio-inherit\" ><img loading=\"lazy\" decoding=\"async\" src=\"http:\/\/sanametall.de\/wp-content\/uploads\/2024\/05\/3-1024x768.jpg\" width=\"1024\" height=\"768\" alt=\"\" data-full-image=\"http:\/\/sanametall.de\/wp-content\/uploads\/2024\/05\/3.jpg\" data-light-image=\"http:\/\/sanametall.de\/wp-content\/uploads\/2024\/05\/3.jpg\" data-id=\"1838\" class=\"wp-image-1838 skip-lazy\" srcset=\"https:\/\/sanametall.de\/wp-content\/uploads\/2024\/05\/3-1024x768.jpg 1024w, https:\/\/sanametall.de\/wp-content\/uploads\/2024\/05\/3-300x225.jpg 300w, https:\/\/sanametall.de\/wp-content\/uploads\/2024\/05\/3-768x576.jpg 768w, https:\/\/sanametall.de\/wp-content\/uploads\/2024\/05\/3-1536x1152.jpg 1536w, https:\/\/sanametall.de\/wp-content\/uploads\/2024\/05\/3-700x525.jpg 700w, https:\/\/sanametall.de\/wp-content\/uploads\/2024\/05\/3.jpg 1600w\" sizes=\"auto, (max-width: 1024px) 100vw, 1024px\" \/><\/div><\/div><\/a><\/figure><\/div><\/div><\/li><li class=\"kb-slide-item kb-gallery-slide-item\"><div class=\"kadence-blocks-gallery-item\"><div class=\"kadence-blocks-gallery-item-inner\"><figure class=\"kb-gallery-figure kb-gallery-item-has-link kadence-blocks-gallery-item-hide-caption\"><a href=\"http:\/\/sanametall.de\/wp-content\/uploads\/2024\/05\/4.jpg\" class=\"kb-gallery-item-link\"  ><div class=\"kb-gal-image-radius\"><div class=\"kb-gallery-image-contain kadence-blocks-gallery-intrinsic kb-gallery-image-ratio-inherit kb-has-image-ratio-inherit\" ><img loading=\"lazy\" decoding=\"async\" src=\"http:\/\/sanametall.de\/wp-content\/uploads\/2024\/05\/4-768x1024.jpg\" width=\"768\" height=\"1024\" alt=\"\" data-full-image=\"http:\/\/sanametall.de\/wp-content\/uploads\/2024\/05\/4.jpg\" data-light-image=\"http:\/\/sanametall.de\/wp-content\/uploads\/2024\/05\/4.jpg\" data-id=\"1839\" class=\"wp-image-1839 skip-lazy\" srcset=\"https:\/\/sanametall.de\/wp-content\/uploads\/2024\/05\/4-768x1024.jpg 768w, https:\/\/sanametall.de\/wp-content\/uploads\/2024\/05\/4-225x300.jpg 225w, https:\/\/sanametall.de\/wp-content\/uploads\/2024\/05\/4-1152x1536.jpg 1152w, https:\/\/sanametall.de\/wp-content\/uploads\/2024\/05\/4-700x933.jpg 700w, https:\/\/sanametall.de\/wp-content\/uploads\/2024\/05\/4.jpg 1200w\" sizes=\"auto, (max-width: 768px) 100vw, 768px\" \/><\/div><\/div><\/a><\/figure><\/div><\/div><\/li><li class=\"kb-slide-item kb-gallery-slide-item\"><div class=\"kadence-blocks-gallery-item\"><div class=\"kadence-blocks-gallery-item-inner\"><figure class=\"kb-gallery-figure kb-gallery-item-has-link kadence-blocks-gallery-item-hide-caption\"><a href=\"http:\/\/sanametall.de\/wp-content\/uploads\/2024\/05\/5.jpg\" class=\"kb-gallery-item-link\"  ><div class=\"kb-gal-image-radius\"><div class=\"kb-gallery-image-contain kadence-blocks-gallery-intrinsic kb-gallery-image-ratio-inherit kb-has-image-ratio-inherit\" ><img loading=\"lazy\" decoding=\"async\" src=\"http:\/\/sanametall.de\/wp-content\/uploads\/2024\/05\/5-768x1024.jpg\" width=\"768\" height=\"1024\" alt=\"\" data-full-image=\"http:\/\/sanametall.de\/wp-content\/uploads\/2024\/05\/5.jpg\" data-light-image=\"http:\/\/sanametall.de\/wp-content\/uploads\/2024\/05\/5.jpg\" data-id=\"1840\" class=\"wp-image-1840 skip-lazy\" srcset=\"https:\/\/sanametall.de\/wp-content\/uploads\/2024\/05\/5-768x1024.jpg 768w, https:\/\/sanametall.de\/wp-content\/uploads\/2024\/05\/5-225x300.jpg 225w, https:\/\/sanametall.de\/wp-content\/uploads\/2024\/05\/5-1152x1536.jpg 1152w, https:\/\/sanametall.de\/wp-content\/uploads\/2024\/05\/5-700x933.jpg 700w, https:\/\/sanametall.de\/wp-content\/uploads\/2024\/05\/5.jpg 1200w\" sizes=\"auto, (max-width: 768px) 100vw, 768px\" \/><\/div><\/div><\/a><\/figure><\/div><\/div><\/li><li class=\"kb-slide-item kb-gallery-slide-item\"><div class=\"kadence-blocks-gallery-item\"><div class=\"kadence-blocks-gallery-item-inner\"><figure class=\"kb-gallery-figure kb-gallery-item-has-link kadence-blocks-gallery-item-hide-caption\"><a href=\"http:\/\/sanametall.de\/wp-content\/uploads\/2024\/05\/6.jpg\" class=\"kb-gallery-item-link\"  ><div class=\"kb-gal-image-radius\"><div class=\"kb-gallery-image-contain kadence-blocks-gallery-intrinsic kb-gallery-image-ratio-inherit kb-has-image-ratio-inherit\" ><img loading=\"lazy\" decoding=\"async\" src=\"http:\/\/sanametall.de\/wp-content\/uploads\/2024\/05\/6-768x1024.jpg\" width=\"768\" height=\"1024\" alt=\"\" data-full-image=\"http:\/\/sanametall.de\/wp-content\/uploads\/2024\/05\/6.jpg\" data-light-image=\"http:\/\/sanametall.de\/wp-content\/uploads\/2024\/05\/6.jpg\" data-id=\"1842\" class=\"wp-image-1842 skip-lazy\" srcset=\"https:\/\/sanametall.de\/wp-content\/uploads\/2024\/05\/6-768x1024.jpg 768w, https:\/\/sanametall.de\/wp-content\/uploads\/2024\/05\/6-225x300.jpg 225w, https:\/\/sanametall.de\/wp-content\/uploads\/2024\/05\/6-1152x1536.jpg 1152w, https:\/\/sanametall.de\/wp-content\/uploads\/2024\/05\/6-700x933.jpg 700w, https:\/\/sanametall.de\/wp-content\/uploads\/2024\/05\/6.jpg 1200w\" sizes=\"auto, (max-width: 768px) 100vw, 768px\" \/><\/div><\/div><\/a><\/figure><\/div><\/div><\/li><li class=\"kb-slide-item kb-gallery-slide-item\"><div class=\"kadence-blocks-gallery-item\"><div class=\"kadence-blocks-gallery-item-inner\"><figure class=\"kb-gallery-figure kb-gallery-item-has-link kadence-blocks-gallery-item-hide-caption\"><a href=\"http:\/\/sanametall.de\/wp-content\/uploads\/2024\/05\/7.jpg\" class=\"kb-gallery-item-link\"  ><div class=\"kb-gal-image-radius\"><div class=\"kb-gallery-image-contain kadence-blocks-gallery-intrinsic kb-gallery-image-ratio-inherit kb-has-image-ratio-inherit\" ><img loading=\"lazy\" decoding=\"async\" src=\"http:\/\/sanametall.de\/wp-content\/uploads\/2024\/05\/7-768x1024.jpg\" width=\"768\" height=\"1024\" alt=\"\" data-full-image=\"http:\/\/sanametall.de\/wp-content\/uploads\/2024\/05\/7.jpg\" data-light-image=\"http:\/\/sanametall.de\/wp-content\/uploads\/2024\/05\/7.jpg\" data-id=\"1843\" class=\"wp-image-1843 skip-lazy\" srcset=\"https:\/\/sanametall.de\/wp-content\/uploads\/2024\/05\/7-768x1024.jpg 768w, https:\/\/sanametall.de\/wp-content\/uploads\/2024\/05\/7-225x300.jpg 225w, https:\/\/sanametall.de\/wp-content\/uploads\/2024\/05\/7-1152x1536.jpg 1152w, https:\/\/sanametall.de\/wp-content\/uploads\/2024\/05\/7-700x933.jpg 700w, https:\/\/sanametall.de\/wp-content\/uploads\/2024\/05\/7.jpg 1200w\" sizes=\"auto, (max-width: 768px) 100vw, 768px\" \/><\/div><\/div><\/a><\/figure><\/div><\/div><\/li><\/div><\/div><\/div><\/div>\n\n\n<figure class=\"wp-block-video\"><video height=\"1080\" style=\"aspect-ratio: 1920 \/ 1080;\" width=\"1920\" controls src=\"http:\/\/sanametall.de\/wp-content\/uploads\/2024\/05\/1.mp4\"><\/video><\/figure>\n<\/div><\/div>\n\n\n<style>.kadence-column1845_55c953-db > .kt-inside-inner-col,.kadence-column1845_55c953-db > .kt-inside-inner-col:before{border-top-left-radius:0px;border-top-right-radius:0px;border-bottom-right-radius:0px;border-bottom-left-radius:0px;}.kadence-column1845_55c953-db > .kt-inside-inner-col{column-gap:var(--global-kb-gap-sm, 1rem);}.kadence-column1845_55c953-db > .kt-inside-inner-col{flex-direction:column;}.kadence-column1845_55c953-db > .kt-inside-inner-col > .aligncenter{width:100%;}.kadence-column1845_55c953-db > .kt-inside-inner-col:before{opacity:0.3;}.kadence-column1845_55c953-db{position:relative;}@media all and (max-width: 1024px){.kadence-column1845_55c953-db > .kt-inside-inner-col{flex-direction:column;justify-content:center;}}@media all and (max-width: 767px){.kadence-column1845_55c953-db > .kt-inside-inner-col{flex-direction:column;justify-content:center;}}<\/style>\n<div class=\"wp-block-kadence-column kadence-column1845_55c953-db\"><div class=\"kt-inside-inner-col\"><style>.wp-block-kadence-advancedheading.kt-adv-heading1845_46f303-07, .wp-block-kadence-advancedheading.kt-adv-heading1845_46f303-07[data-kb-block=\"kb-adv-heading1845_46f303-07\"]{font-size:var(--global-kb-font-size-lg, 2rem);font-style:normal;}.wp-block-kadence-advancedheading.kt-adv-heading1845_46f303-07 mark.kt-highlight, .wp-block-kadence-advancedheading.kt-adv-heading1845_46f303-07[data-kb-block=\"kb-adv-heading1845_46f303-07\"] mark.kt-highlight{font-style:normal;color:#f76a0c;-webkit-box-decoration-break:clone;box-decoration-break:clone;padding-top:0px;padding-right:0px;padding-bottom:0px;padding-left:0px;}<\/style>\n<h2 class=\"kt-adv-heading1845_46f303-07 wp-block-kadence-advancedheading\" data-kb-block=\"kb-adv-heading1845_46f303-07\"><strong>Usluge varenja MIG\/MAG + TIG<\/strong><\/h2>\n\n\n<style>.wp-block-kadence-advancedheading.kt-adv-heading1845_73c1e3-e2, .wp-block-kadence-advancedheading.kt-adv-heading1845_73c1e3-e2[data-kb-block=\"kb-adv-heading1845_73c1e3-e2\"]{font-style:normal;}.wp-block-kadence-advancedheading.kt-adv-heading1845_73c1e3-e2 mark.kt-highlight, .wp-block-kadence-advancedheading.kt-adv-heading1845_73c1e3-e2[data-kb-block=\"kb-adv-heading1845_73c1e3-e2\"] mark.kt-highlight{font-style:normal;color:#f76a0c;-webkit-box-decoration-break:clone;box-decoration-break:clone;padding-top:0px;padding-right:0px;padding-bottom:0px;padding-left:0px;}<\/style>\n<p class=\"kt-adv-heading1845_73c1e3-e2 wp-block-kadence-advancedheading\" data-kb-block=\"kb-adv-heading1845_73c1e3-e2\">MIG\/MAG + TIG usluga zavarivanja predstavlja klju\u010dni segment na\u0161ih usluga, a pri \u010demu je potrebno imati visoko obu\u010deno i iskusno osoblje. Na\u0161i zavariva\u010di su certificirani po me\u0111unarodnim ISO standardima, tako da je kvaliteta kompleksnih varova i konstrukcija priznata u EU. Raspola\u017eemo sa zna\u010dajnim kapacitetom sati zavarivanja sa konstantnom mogu\u0107no\u0161\u0107u pro\u0161irenja. Na\u0161i zavariva\u010di su edukativno osposobljeni da kvalitetno \u010ditaju tehni\u010dku dokumentaciju, a \u0161to je preduslov za izvo\u0111enje kompleksnih varila\u010dkih zahvata. Posjedujemo preko 12 aparata na vodeno hla\u0111enje za zavarivanje (nekolicina posjeduje npr. mogu\u0107nost impulsnog zavarivanja). Na\u0161i kapaciteti, procesi modernizacije u tehnolo\u0161kom smislu, te nastojanje za profitabilnim poslovanjem su nas ponukali da se u \u010ditavom objektu razvede plinovod sa plinskom stanicom.<\/p>\n<\/div><\/div>\n\n<\/div><\/div>","protected":false},"excerpt":{"rendered":"<p>MIG\/MAG + TIG Schwei\u00dfen MIG\/MAG- und WIG-Schwei\u00dfdienstleistungen stellen einen Schl\u00fcsselbereich unserer Dienstleistungen dar, der hochqualifiziertes und erfahrenes Personal erfordert. Unsere Schwei\u00dfer sind nach internationalen ISO-Standards zertifiziert (DIN EN ISO 9606-1; DIN EN 1090-2 in \u00dcbereinsimmung mit EN 1090-1; EN 1090-1:2009+A1:2011; EN ISO 3834-2:2021 nach DEN EN ISO 4063 und nach CEN ISO\/TR 15608), sodass die&#8230;<\/p>","protected":false},"author":1,"featured_media":0,"parent":0,"menu_order":0,"comment_status":"closed","ping_status":"closed","template":"","meta":{"_kad_blocks_custom_css":"","_kad_blocks_head_custom_js":"","_kad_blocks_body_custom_js":"","_kad_blocks_footer_custom_js":"","_kadence_starter_templates_imported_post":false,"_kad_post_transparent":"","_kad_post_title":"hide","_kad_post_layout":"fullwidth","_kad_post_sidebar_id":"","_kad_post_content_style":"unboxed","_kad_post_vertical_padding":"hide","_kad_post_feature":"","_kad_post_feature_position":"","_kad_post_header":false,"_kad_post_footer":false,"footnotes":""},"class_list":["post-1845","page","type-page","status-publish","hentry"],"taxonomy_info":[],"featured_image_src_large":false,"author_info":{"display_name":"adan_admin","author_link":"https:\/\/sanametall.de\/bs\/author\/adan_admin\/"},"comment_info":0,"_links":{"self":[{"href":"https:\/\/sanametall.de\/bs\/wp-json\/wp\/v2\/pages\/1845","targetHints":{"allow":["GET"]}}],"collection":[{"href":"https:\/\/sanametall.de\/bs\/wp-json\/wp\/v2\/pages"}],"about":[{"href":"https:\/\/sanametall.de\/bs\/wp-json\/wp\/v2\/types\/page"}],"author":[{"embeddable":true,"href":"https:\/\/sanametall.de\/bs\/wp-json\/wp\/v2\/users\/1"}],"replies":[{"embeddable":true,"href":"https:\/\/sanametall.de\/bs\/wp-json\/wp\/v2\/comments?post=1845"}],"version-history":[{"count":21,"href":"https:\/\/sanametall.de\/bs\/wp-json\/wp\/v2\/pages\/1845\/revisions"}],"predecessor-version":[{"id":2158,"href":"https:\/\/sanametall.de\/bs\/wp-json\/wp\/v2\/pages\/1845\/revisions\/2158"}],"wp:attachment":[{"href":"https:\/\/sanametall.de\/bs\/wp-json\/wp\/v2\/media?parent=1845"}],"curies":[{"name":"wp","href":"https:\/\/api.w.org\/{rel}","templated":true}]}}